{"id":2266,"date":"2024-01-18T13:54:52","date_gmt":"2024-01-18T13:54:52","guid":{"rendered":"https:\/\/tasteandtravelmallorca.com\/?page_id=2266"},"modified":"2025-03-28T15:59:42","modified_gmt":"2025-03-28T15:59:42","slug":"galeria","status":"publish","type":"page","link":"https:\/\/tasteandtravelmallorca.com\/es\/galeria\/","title":{"rendered":"Galer\u00eda"},"content":{"rendered":"\n<div class=\"wp-block-group alignwide is-layout-flow wp-container-6 wp-block-group-is-layout-flow gtm-style-7\" style=\"padding-top:0;padding-right:0;padding-bottom:0;padding-left:0\">\n<div class=\"wp-block-gtm-grid-tile alignwide is-style-default gtm-style-5 gtm-style gtm-block gtm-has-block-radius\">\n<div class=\"wp-block-gtm-box is-style-default gtm-style-4 gtm-style gtm-has-block-radius gtm-has-block-flex-layout gtm-has-block-flex-layout-item-spacing-row---lg gtm-has-block-flex-layout-item-spacing-col---lg\">\n<div class=\"wp-block-cover is-light border-radius-none has-white-color has-text-color gtm-style-3\" style=\"min-height:365px\"><span aria-hidden=\"true\" class=\"wp-block-cover__background has-background-dim-30 has-background-dim\"><\/span><img decoding=\"async\" loading=\"eager\"class=\"wp-block-cover__image-background wp-image-3426\" alt=\"Experiencias personalizadas de vino y comida en Mallorca\" src=\"https:\/\/tasteandtravelmallorca.com\/wp-content\/uploads\/2025\/02\/1.-Banner-Gallery.webp\" style=\"object-position:46% 40%\" data-object-fit=\"cover\" data-object-position=\"46% 40%\"\/><div class=\"wp-block-cover__inner-container is-layout-flow wp-block-cover-is-layout-flow\">\n<div class=\"wp-block-gtm-headline gtm-style-1 gtm-style gtm-block gtm-has-headline-typography-font-family gtm-has-block-text-align-center\"><h1 class=\"wp-block-gtm-headline__headline\"><span>GALER\u00cdA<\/span><\/h1><\/div>\n<\/div><\/div>\n<\/div>\n<\/div>\n<\/div>\n\n\n\n<div class=\"wp-block-gtm-spacer gtm-style-8 gtm-style gtm-block gtm-has-spacer-size---lg\"><\/div>\n\n\n\n<div class=\"wp-block-group alignwide is-layout-constrained wp-block-group-is-layout-constrained gtm-style-12\">\n<div class=\"wp-block-gtm-box is-style-default gtm-style-10 gtm-style gtm-has-block-flex-layout\">\n<p class=\"has-text-align-center has-theme-antonio-font-family gtm-style-9\">\u00a1Vive Mallorca a tu manera!<\/p>\n<\/div>\n<\/div>\n\n\n\n<div class=\"wp-block-group is-layout-constrained wp-block-group-is-layout-constrained gtm-style-18\">\n<div class=\"wp-block-gtm-grid-tile is-style-default gtm-style-14 gtm-style gtm-block gtm-has-grid-tile-gap-row---lg gtm-has-grid-tile-gap-col---lg gtm-has-block-padding-top---lg gtm-has-block-padding-left---lg gtm-has-block-padding-bottom---lg gtm-has-block-padding-right---lg gtm-has-block-radius\">\n<hr class=\"wp-block-gtm-separator is-style-gtm-separator-small gtm-style-13 gtm-style gtm-block gtm-has-separator-border-style gtm-has-separator-border-color gtm-has-separator-border-thickness gtm-has-separator-border-radius\"\/>\n<\/div>\n\n\n\n<div class=\"wp-block-gtm-headline is-style-default gtm-style-15 gtm-style gtm-block gtm-has-headline-typography-font-family gtm-has-block-text-align-center\"><h2 class=\"wp-block-gtm-headline__headline\"><span>EXPERIENCIAS PERSONALIZADAS Y AVENTURAS AUTOGUIADAS<\/span><\/h2><\/div>\n\n\n\n<p>Ya sea que busques un viaje personalizado para tu grupo o un tour gastron\u00f3mico autoguiado como viajero individual, te acercamos a los sabores aut\u00e9nticos, la cultura vibrante y los paisajes impresionantes de Mallorca. Descubre la isla a trav\u00e9s de experiencias exclusivas dise\u00f1adas para adaptarse a tus preferencias \u00fanicas y disfruta de cada momento a tu propio ritmo.<\/p>\n<\/div>\n\n\n\n<div class=\"wp-block-gtm-spacer gtm-style-19 gtm-style gtm-block gtm-has-spacer-size---lg\"><\/div>\n\n\n\n<div class=\"wp-block-group alignwide is-layout-constrained wp-block-group-is-layout-constrained gtm-style-63\">\n<figure class=\"wp-block-gallery alignwide has-nested-images columns-default is-cropped wp-block-gallery-59 is-layout-flex wp-block-gallery-is-layout-flex gtm-style-61\">\n<figure class=\"wp-block-image size-large is-style-default gtm-style-20\"><img decoding=\"async\" src=\"https:\/\/tasteandtravelmallorca.com\/wp-content\/uploads\/2025\/02\/GalleryHomepage3-1024x768.webp\" alt=\"Experiencias personalizadas senderismo en Mallorca\" class=\"wp-image-3250\"\/><\/figure>\n\n\n\n<figure class=\"wp-block-image size-large gtm-style-21\"><img decoding=\"async\" src=\"https:\/\/tasteandtravelmallorca.com\/wp-content\/uploads\/2025\/02\/GalleryHomepage5-1024x768.webp\" alt=\"Tour de oldtimers con agencia de eventos en Mallorca\" class=\"wp-image-3252\"\/><\/figure>\n\n\n\n<figure class=\"wp-block-image size-large gtm-style-22\"><img decoding=\"async\" src=\"https:\/\/tasteandtravelmallorca.com\/wp-content\/uploads\/2025\/02\/GalleryHomepage6-1024x768.webp\" alt=\"Paseo en velero por Mallorca con amigos\" class=\"wp-image-3253\"\/><\/figure>\n\n\n\n<figure class=\"wp-block-image size-large gtm-style-23\"><img decoding=\"async\" src=\"https:\/\/tasteandtravelmallorca.com\/wp-content\/uploads\/2025\/02\/GalleryHomepage8-1024x768.webp\" alt=\"Explora la gastronom\u00eda de Palma con las experiencias personalizas de Food Tours Mallorca\" class=\"wp-image-3255\"\/><\/figure>\n\n\n\n<figure class=\"wp-block-image size-large gtm-style-24\"><img decoding=\"async\" src=\"https:\/\/tasteandtravelmallorca.com\/wp-content\/uploads\/2025\/02\/1.-Banner-groups-1024x682.webp\" alt=\"Experiencias personalizadas para grupos en Mallorca cena de paella en finca r\u00fastica\" class=\"wp-image-3275\"\/><\/figure>\n\n\n\n<figure class=\"wp-block-image size-large gtm-style-25\"><img decoding=\"async\" src=\"https:\/\/tasteandtravelmallorca.com\/wp-content\/uploads\/2025\/02\/10.-Itinerary-Day2-1024x576.webp\" alt=\"Cata de vinos Petit Celler Mallorca\" class=\"wp-image-3287\"\/><\/figure>\n\n\n\n<figure class=\"wp-block-image size-large gtm-style-26\"><img decoding=\"async\" src=\"https:\/\/tasteandtravelmallorca.com\/wp-content\/uploads\/2025\/02\/7.-Tapas-Tasting-Tour-683x1024.webp\" alt=\"Tour de tapas en Palma para grupos - una experiencia personalizado\" class=\"wp-image-3284\"\/><\/figure>\n\n\n\n<figure class=\"wp-block-image size-large gtm-style-27\"><img decoding=\"async\" src=\"https:\/\/tasteandtravelmallorca.com\/wp-content\/uploads\/2025\/02\/3.-Business-Retreat-1024x768.webp\" alt=\"Jornadas corporativos en Mallorca navegando con un yate de lujo\" class=\"wp-image-3278\"\/><\/figure>\n\n\n\n<figure class=\"wp-block-image size-large gtm-style-28\"><img decoding=\"async\" src=\"https:\/\/tasteandtravelmallorca.com\/wp-content\/uploads\/2025\/02\/8.-How-we-work-1024x683.webp\" alt=\"Lugares \u00fanicos para eventos en Mallorca - aut\u00e9nticas fincas\" class=\"wp-image-3285\"\/><\/figure>\n\n\n\n<figure class=\"wp-block-image size-large gtm-style-29\"><img decoding=\"async\" src=\"https:\/\/tasteandtravelmallorca.com\/wp-content\/uploads\/2025\/02\/A7I02384-1024x768.webp\" alt=\"Experiencias personalizadas para grupos en Mallorca - Tour en jeep por la isla\" class=\"wp-image-3334\"\/><\/figure>\n\n\n\n<figure class=\"wp-block-image size-full gtm-style-30\"><img decoding=\"async\" src=\"https:\/\/tasteandtravelmallorca.com\/wp-content\/uploads\/2025\/02\/1.-Homepage-banner1-e1741971232604.webp\" alt=\"Celebraciones especiales en los bellos paisajes de Mallorca\" class=\"wp-image-3221\"\/><\/figure>\n\n\n\n<figure class=\"wp-block-image size-large gtm-style-31\"><img decoding=\"async\" src=\"https:\/\/tasteandtravelmallorca.com\/wp-content\/uploads\/2025\/02\/4.-Incentive-1024x768.webp\" alt=\"Incentivos corporativos en Mallorca tour en catamar\u00e1n\" class=\"wp-image-3332\"\/><\/figure>\n\n\n\n<figure class=\"wp-block-image size-large gtm-style-32\"><img decoding=\"async\" src=\"https:\/\/tasteandtravelmallorca.com\/wp-content\/uploads\/2025\/02\/AA_IMG_2471-1024x767.webp\" alt=\"Incentivos corporativos en Mallorca teambuilding\" class=\"wp-image-3337\"\/><\/figure>\n\n\n\n<figure class=\"wp-block-image size-large gtm-style-33\"><img decoding=\"async\" src=\"https:\/\/tasteandtravelmallorca.com\/wp-content\/uploads\/2025\/02\/BA7I00047-1024x768.webp\" alt=\"Celebraciones especiales en Mallorca fiesta de cumplea\u00f1os m\u00fasica en vivo\" class=\"wp-image-3339\"\/><\/figure>\n\n\n\n<figure class=\"wp-block-image size-large gtm-style-34\"><img decoding=\"async\" src=\"https:\/\/tasteandtravelmallorca.com\/wp-content\/uploads\/2025\/02\/CVC_activities_057-1-1024x768.webp\" alt=\"Experiencias personalizadas para grupos en Mallorca activad de teambuilding en el agua\" class=\"wp-image-3340\"\/><\/figure>\n\n\n\n<figure class=\"wp-block-image size-large gtm-style-35\"><img decoding=\"async\" src=\"https:\/\/tasteandtravelmallorca.com\/wp-content\/uploads\/2025\/02\/RachaelandThomas_0208_websize-1024x768.webp\" alt=\"Celebraciones especiales en Mallorca - aniversario en una finca r\u00fastica\" class=\"wp-image-3341\"\/><\/figure>\n\n\n\n<figure class=\"wp-block-image size-large gtm-style-36\"><img decoding=\"async\" src=\"https:\/\/tasteandtravelmallorca.com\/wp-content\/uploads\/2025\/02\/1.-Banner-Individual-1024x683.webp\" alt=\"Tour gastron\u00f3mico por la ciudad salud\" class=\"wp-image-3364\"\/><\/figure>\n\n\n\n<figure class=\"wp-block-image size-large gtm-style-37\"><img decoding=\"async\" src=\"https:\/\/tasteandtravelmallorca.com\/wp-content\/uploads\/2025\/02\/3.-Blog-23-Connections-1024x768.webp\" alt=\"Tour gastron\u00f3mico por la ciudad con Vermuteria la Rosa\" class=\"wp-image-3382\"\/><\/figure>\n\n\n\n<figure class=\"wp-block-image size-large gtm-style-38\"><img decoding=\"async\" src=\"https:\/\/tasteandtravelmallorca.com\/wp-content\/uploads\/2025\/02\/3.-Brunch-Ride-768x1024.webp\" alt=\"Experiencia personalizada tour en patinete con brunch en el campo de Mallorca\" class=\"wp-image-3368\"\/><\/figure>\n\n\n\n<figure class=\"wp-block-image size-large gtm-style-39\"><img decoding=\"async\" src=\"https:\/\/tasteandtravelmallorca.com\/wp-content\/uploads\/2025\/02\/2.-Wine-Dine-Tour-768x1024.webp\" alt=\"Experiencias personalizas gastron\u00f3micas  en Palma con Food Tours Mallorca\" class=\"wp-image-3367\"\/><\/figure>\n\n\n\n<figure class=\"wp-block-image size-large gtm-style-40\"><img decoding=\"async\" src=\"https:\/\/tasteandtravelmallorca.com\/wp-content\/uploads\/2025\/02\/AA_PRPP5604-1024x768.webp\" alt=\"Celebraciones especiales en Mallorca actuaci\u00f3n de viol\u00edn electr\u00f3nico\" class=\"wp-image-3338\"\/><\/figure>\n\n\n\n<figure class=\"wp-block-image size-large gtm-style-41\"><img decoding=\"async\" src=\"https:\/\/tasteandtravelmallorca.com\/wp-content\/uploads\/2025\/02\/4.-Social-Dinner-Club-683x1024.webp\" alt=\"Haz nuevos amigos en Mallorca en el Social Dinner Club de Food Tours Mallorca\" class=\"wp-image-3369\"\/><\/figure>\n\n\n\n<figure class=\"wp-block-image size-large gtm-style-42\"><img decoding=\"async\" src=\"https:\/\/tasteandtravelmallorca.com\/wp-content\/uploads\/2025\/02\/Wine-Dine6-1-1-1024x768.webp\" alt=\"Explorando las calles de Palma con Food Tours Mallorca\" class=\"wp-image-3388\"\/><\/figure>\n\n\n\n<figure class=\"wp-block-image size-large gtm-style-43\"><img decoding=\"async\" src=\"https:\/\/tasteandtravelmallorca.com\/wp-content\/uploads\/2025\/02\/Wine-Dine3-1-1-1024x768.webp\" alt=\"Gu\u00edate con la app web de Food Tours Mallorca\" class=\"wp-image-3386\"\/><\/figure>\n\n\n\n<figure class=\"wp-block-image size-large gtm-style-44\"><img decoding=\"async\" src=\"https:\/\/tasteandtravelmallorca.com\/wp-content\/uploads\/2025\/02\/Wine-Dine5-1-1-1024x768.webp\" alt=\"Tour gastron\u00f3mico por la ciudad visitando Xalest de Nobis\" class=\"wp-image-3387\"\/><\/figure>\n\n\n\n<figure class=\"wp-block-image aligncenter size-large is-style-default gtm-style-45\"><img decoding=\"async\" src=\"https:\/\/tasteandtravelmallorca.com\/wp-content\/uploads\/2025\/02\/BrunchRide1-1-1024x768.webp\" alt=\"Experiencias personalizadas gastron\u00f3micas en patinete con el Brunch y Ride\" class=\"wp-image-3383\"\/><\/figure>\n\n\n\n<figure class=\"wp-block-image size-large gtm-style-46\"><img decoding=\"async\" src=\"https:\/\/tasteandtravelmallorca.com\/wp-content\/uploads\/2025\/02\/Wine-Dine-main-1-1024x768.webp\" alt=\"Tours gastron\u00f3micos con amigos en Mallorca\" class=\"wp-image-3385\"\/><\/figure>\n\n\n\n<figure class=\"wp-block-image size-large gtm-style-47\"><img decoding=\"async\" src=\"https:\/\/tasteandtravelmallorca.com\/wp-content\/uploads\/2025\/02\/Wine-Dine12-1024x768.webp\" alt=\"Experiencia gastron\u00f3mica con Pura Grand en Palma\" class=\"wp-image-3390\"\/><\/figure>\n\n\n\n<figure class=\"wp-block-image size-large gtm-style-48\"><img decoding=\"async\" src=\"https:\/\/tasteandtravelmallorca.com\/wp-content\/uploads\/2025\/02\/Wine-Dine13-1024x768.webp\" alt=\"Vermut en Vermuteria la Rosa durante el tour gastron\u00f3mico por la ciudad de Palma\" class=\"wp-image-3391\"\/><\/figure>\n\n\n\n<figure class=\"wp-block-image size-large gtm-style-49\"><img decoding=\"async\" src=\"https:\/\/tasteandtravelmallorca.com\/wp-content\/uploads\/2025\/02\/Wine-Dine11-1024x768.webp\" alt=\"Experiencias gastron\u00f3micas con amigos en el tour de vino y comida\" class=\"wp-image-3389\"\/><\/figure>\n\n\n\n<figure class=\"wp-block-image size-large gtm-style-50\"><img decoding=\"async\" src=\"https:\/\/tasteandtravelmallorca.com\/wp-content\/uploads\/2025\/02\/A7I04151-1024x768.webp\" alt=\"Celebraciones especiales en Mallorca - senderismo en las monta\u00f1as de Tramuntana\" class=\"wp-image-3336\"\/><\/figure>\n\n\n\n<figure class=\"wp-block-image size-large gtm-style-51\"><img decoding=\"async\" src=\"https:\/\/tasteandtravelmallorca.com\/wp-content\/uploads\/2025\/02\/A7I03839-1024x768.webp\" alt=\"Jornadas corporativas en Mallorca Jardines de Alfabia\" class=\"wp-image-3335\"\/><\/figure>\n\n\n\n<figure class=\"wp-block-image size-large gtm-style-52\"><img decoding=\"async\" src=\"https:\/\/tasteandtravelmallorca.com\/wp-content\/uploads\/2025\/02\/11.-Itinerary-day3-1024x684.webp\" alt=\"Paseo por velero con amigos en Mallorca\" class=\"wp-image-3288\"\/><\/figure>\n\n\n\n<figure class=\"wp-block-image size-large gtm-style-53\"><img decoding=\"async\" src=\"https:\/\/tasteandtravelmallorca.com\/wp-content\/uploads\/2025\/02\/2.-Corporate-incentive2-1024x682.webp\" alt=\"Incentivos corporativos en Mallorca teambuilding\" class=\"wp-image-3277\"\/><\/figure>\n\n\n\n<figure class=\"wp-block-image size-large gtm-style-54\"><img decoding=\"async\" src=\"https:\/\/tasteandtravelmallorca.com\/wp-content\/uploads\/2025\/02\/4.-Special-Celebrations-768x1024.webp\" alt=\"Agencia de eventos para celebraciones especiales en Mallorca\" class=\"wp-image-3280\"\/><\/figure>\n\n\n\n<figure class=\"wp-block-image size-large gtm-style-55\"><img decoding=\"async\" src=\"https:\/\/tasteandtravelmallorca.com\/wp-content\/uploads\/2025\/02\/5.-Quote-banner-1-1024x576.webp\" alt=\"Incentivos de empresa en Mallorca con comida local\" class=\"wp-image-3281\"\/><\/figure>\n\n\n\n<figure class=\"wp-block-image size-large gtm-style-56\"><img decoding=\"async\" src=\"https:\/\/tasteandtravelmallorca.com\/wp-content\/uploads\/2025\/02\/1.-Banner-Gallery-1024x683.webp\" alt=\"Experiencias personalizadas en Mallorca con productos locales\" class=\"wp-image-3426\"\/><\/figure>\n\n\n\n<figure class=\"wp-block-image size-large gtm-style-57\"><img decoding=\"async\" src=\"https:\/\/tasteandtravelmallorca.com\/wp-content\/uploads\/2025\/02\/1.-Banner-contact-1024x768.webp\" alt=\"La experiencia perfecta en Mallorca con Taste and Travel Mallorca\" class=\"wp-image-3423\"\/><\/figure>\n\n\n\n<figure class=\"wp-block-image size-large gtm-style-58\"><img decoding=\"async\" src=\"https:\/\/tasteandtravelmallorca.com\/wp-content\/uploads\/2025\/02\/3.-How-we-work-1024x683.webp\" alt=\"Celebraciones especiales en una finca r\u00fastica en Mallorca\" class=\"wp-image-3416\"\/><\/figure>\n<\/figure>\n<\/div>\n","protected":false},"excerpt":{"rendered":"<p>Ya sea que busques un viaje personalizado para tu grupo o un tour gastron\u00f3mico autoguiado como viajero individual, te acercamos a los sabores aut\u00e9nticos, la cultura vibrante y los paisajes impresionantes de Mallorca. Descubre la isla a trav\u00e9s de experiencias [&hellip;]<\/p>\n","protected":false},"author":1,"featured_media":0,"parent":0,"menu_order":0,"comment_status":"closed","ping_status":"closed","template":"custom-page-plain","meta":{"gtm_active_preset":"","gtm_alt_featured_image":0,"gtm_video_url":"","gtm_audio_url":"","rank_math_lock_modified_date":false,"footnotes":""},"_links":{"self":[{"href":"https:\/\/tasteandtravelmallorca.com\/es\/wp-json\/wp\/v2\/pages\/2266"}],"collection":[{"href":"https:\/\/tasteandtravelmallorca.com\/es\/wp-json\/wp\/v2\/pages"}],"about":[{"href":"https:\/\/tasteandtravelmallorca.com\/es\/wp-json\/wp\/v2\/types\/page"}],"author":[{"embeddable":true,"href":"https:\/\/tasteandtravelmallorca.com\/es\/wp-json\/wp\/v2\/users\/1"}],"replies":[{"embeddable":true,"href":"https:\/\/tasteandtravelmallorca.com\/es\/wp-json\/wp\/v2\/comments?post=2266"}],"version-history":[{"count":4,"href":"https:\/\/tasteandtravelmallorca.com\/es\/wp-json\/wp\/v2\/pages\/2266\/revisions"}],"predecessor-version":[{"id":2962,"href":"https:\/\/tasteandtravelmallorca.com\/es\/wp-json\/wp\/v2\/pages\/2266\/revisions\/2962"}],"wp:attachment":[{"href":"https:\/\/tasteandtravelmallorca.com\/es\/wp-json\/wp\/v2\/media?parent=2266"}],"curies":[{"name":"wp","href":"https:\/\/api.w.org\/{rel}","templated":true}]}}