{"id":1540,"date":"2023-11-12T10:30:02","date_gmt":"2023-11-12T10:30:02","guid":{"rendered":"https:\/\/tasteandtravelmallorca.com\/?page_id=1540"},"modified":"2025-03-28T16:11:59","modified_gmt":"2025-03-28T16:11:59","slug":"contacto","status":"publish","type":"page","link":"https:\/\/tasteandtravelmallorca.com\/es\/contacto\/","title":{"rendered":"Contacto"},"content":{"rendered":"\n<div class=\"wp-block-group alignwide is-layout-flow wp-container-6 wp-block-group-is-layout-flow gtm-style-7\" style=\"padding-top:0;padding-right:0;padding-bottom:0;padding-left:0\">\n<div class=\"wp-block-gtm-grid-tile alignwide is-style-default gtm-style-5 gtm-style gtm-block gtm-has-block-radius\">\n<div class=\"wp-block-gtm-box is-style-default gtm-style-4 gtm-style gtm-has-block-radius gtm-has-block-flex-layout gtm-has-block-flex-layout-item-spacing-row---lg gtm-has-block-flex-layout-item-spacing-col---lg\">\n<div class=\"wp-block-cover border-radius-none has-white-color has-text-color gtm-style-3\" style=\"min-height:365px\"><span aria-hidden=\"true\" class=\"wp-block-cover__background has-background-dim-40 has-background-dim\"><\/span><img decoding=\"async\" loading=\"eager\"class=\"wp-block-cover__image-background wp-image-3423\" alt=\"La experiencia perfecta en Mallorca con Taste &amp; Travel Mallorca\" src=\"https:\/\/tasteandtravelmallorca.com\/wp-content\/uploads\/2025\/02\/1.-Banner-contact-e1740754448723.webp\" style=\"object-position:50% 76%\" data-object-fit=\"cover\" data-object-position=\"50% 76%\"\/><div class=\"wp-block-cover__inner-container is-layout-flow wp-block-cover-is-layout-flow\">\n<div class=\"wp-block-gtm-headline gtm-style-1 gtm-style gtm-block gtm-has-headline-typography-font-family gtm-has-block-text-align-center\"><h1 class=\"wp-block-gtm-headline__headline\"><span>CONT\u00c1CTANOS<\/span><\/h1><\/div>\n<\/div><\/div>\n<\/div>\n<\/div>\n<\/div>\n\n\n\n<div class=\"wp-block-gtm-spacer gtm-style-8 gtm-style gtm-block gtm-has-spacer-size---lg\"><\/div>\n\n\n\n<div class=\"wp-block-group alignwide is-layout-constrained wp-block-group-is-layout-constrained gtm-style-12\">\n<div class=\"wp-block-gtm-box is-style-default gtm-style-10 gtm-style gtm-has-block-flex-layout\">\n<p class=\"has-text-align-center has-theme-antonio-font-family gtm-style-9\">\u00a1Creamos tu experiencia perfecta en Mallorca!<\/p>\n<\/div>\n<\/div>\n\n\n\n<div class=\"wp-block-group is-layout-constrained wp-block-group-is-layout-constrained gtm-style-53\">\n<div class=\"wp-block-gtm-grid-tile is-style-default gtm-style-14 gtm-style gtm-block gtm-has-grid-tile-gap-row---lg gtm-has-grid-tile-gap-col---lg gtm-has-block-padding-top---lg gtm-has-block-padding-left---lg gtm-has-block-padding-bottom---lg gtm-has-block-padding-right---lg gtm-has-block-radius\">\n<hr class=\"wp-block-gtm-separator is-style-gtm-separator-small gtm-style-13 gtm-style gtm-block gtm-has-separator-border-style gtm-has-separator-border-color gtm-has-separator-border-thickness gtm-has-separator-border-radius\"\/>\n<\/div>\n\n\n\n<div class=\"wp-block-gtm-headline is-style-default gtm-style-15 gtm-style gtm-block gtm-has-headline-typography-font-family gtm-has-block-text-align-center\"><h2 class=\"wp-block-gtm-headline__headline\"><span>\u00bfEST\u00c1S LISTO PARA CREAR RECUERDOS INOLVIDABLES?<\/span><\/h2><\/div>\n\n\n\n<p>Ya sea que est\u00e9s planeando un viaje a medida para tu grupo o una aventura en solitario, estamos aqu\u00ed para ayudarte a dise\u00f1ar la experiencia perfecta en Mallorca. Cont\u00e1ctanos hoy mismo y comencemos a crear un itinerario que te conecte con los sabores, la cultura y la belleza de Mallorca.<\/p>\n\n\n\n<div class=\"wp-block-gtm-spacer gtm-style-17 gtm-style gtm-block gtm-has-spacer-size---lg\"><\/div>\n\n\n\n<div class=\"wp-block-group alignfull has-background is-layout-constrained wp-block-group-is-layout-constrained gtm-style-51\" style=\"background-color:#fcedd8\">\n<div class=\"wp-block-gtm-grid-tile alignwide is-style-default gtm-style-49 gtm-style gtm-block gtm-has-grid-tile-gap-row---lg gtm-has-grid-tile-gap-col---lg\">\n<div class=\"wp-block-gtm-box is-style-default gtm-style-48 gtm-style gtm-has-block-flex-layout\">\n<div class=\"wp-block-gtm-grid is-style-default gtm-style-47 gtm-style gtm-block gtm-has-grid-columns---lg gtm-has-grid-columns---md gtm-has-grid-columns---sm\">\n<div class=\"wp-block-gtm-grid-tile is-style-default gtm-style-19 gtm-style gtm-block gtm-has-block-radius\">\n<figure class=\"wp-block-image size-large is-style-default gtm-style-18\"><img decoding=\"async\" src=\"https:\/\/tasteandtravelmallorca.com\/wp-content\/uploads\/2025\/02\/5.-Quote-banner-1-1024x576.webp\" alt=\"La experiencia perfecta en Mallorca con comida local\" class=\"wp-image-3281\" style=\"aspect-ratio:1;object-fit:cover\"\/><\/figure>\n<\/div>\n\n\n\n<div class=\"wp-block-gtm-grid-tile is-style-default gtm-style-46 gtm-style gtm-block\">\n<div class=\"wp-block-gtm-box is-style-default gtm-style-21 gtm-style gtm-has-block-width---lg gtm-has-block-width---md gtm-has-block-width---sm gtm-has-block-flex-layout\">\n<div class=\"wp-block-gtm-headline is-style-default gtm-style-20 gtm-style gtm-block gtm-has-headline-color gtm-has-headline-typography-font-family gtm-has-block-margin-left---lg\"><h2 class=\"wp-block-gtm-headline__headline\"><span>\u00a1PONTE EN CONTACTO!<\/span><\/h2><\/div>\n<\/div>\n\n\n\n<div class=\"wp-block-columns is-not-stacked-on-mobile is-layout-flex wp-container-28 wp-block-columns-is-layout-flex gtm-style-29\">\n<div class=\"wp-block-column is-layout-flow wp-block-column-is-layout-flow gtm-style-24\" style=\"flex-basis:10%\"><i class=\"gtm-icon guzine-basic-icon-email is-style-default wp-block-gtm-icon gtm-style-22 gtm-style gtm-block gtm-has-icon-icon-size---lg gtm-has-icon-color gtm-has-block-padding-top---lg gtm-has-block-padding-left---lg gtm-has-block-padding-bottom---lg gtm-has-block-padding-right---lg\"><\/i><\/div>\n\n\n\n<div class=\"wp-block-column is-layout-flow wp-block-column-is-layout-flow gtm-style-27\" style=\"flex-basis:66.66%\">\n<p><a href=\"mailto:info@tasteandtravelmallorca.com\">info@tasteandtravelmallorca.com<\/a><\/p>\n<\/div>\n<\/div>\n\n\n\n<div class=\"wp-block-columns is-not-stacked-on-mobile is-layout-flex wp-container-36 wp-block-columns-is-layout-flex gtm-style-37\">\n<div class=\"wp-block-column is-layout-flow wp-block-column-is-layout-flow gtm-style-32\" style=\"flex-basis:10%\"><i class=\"gtm-icon gtm-basic-icon-whatsapp wp-block-gtm-icon gtm-style-30 gtm-style gtm-block gtm-has-icon-icon-size---lg gtm-has-icon-color gtm-has-block-padding-top---lg gtm-has-block-padding-left---lg gtm-has-block-padding-bottom---lg gtm-has-block-padding-right---lg\"><\/i><\/div>\n\n\n\n<div class=\"wp-block-column is-layout-flow wp-block-column-is-layout-flow gtm-style-35\" style=\"flex-basis:66.66%\">\n<p>Emily:<br>+34 685 583 299<br><em>Alem\u00e1n y Espa\u00f1ol<\/em><\/p>\n<\/div>\n<\/div>\n\n\n\n<div class=\"wp-block-columns is-not-stacked-on-mobile is-layout-flex wp-container-44 wp-block-columns-is-layout-flex gtm-style-45\">\n<div class=\"wp-block-column is-layout-flow wp-block-column-is-layout-flow gtm-style-40\" style=\"flex-basis:10%\"><i class=\"gtm-icon gtm-basic-icon-whatsapp wp-block-gtm-icon gtm-style-38 gtm-style gtm-block gtm-has-icon-icon-size---lg gtm-has-icon-color gtm-has-block-padding-top---lg gtm-has-block-padding-left---lg gtm-has-block-padding-bottom---lg gtm-has-block-padding-right---lg\"><\/i><\/div>\n\n\n\n<div class=\"wp-block-column is-layout-flow wp-block-column-is-layout-flow gtm-style-43\" style=\"flex-basis:66.66%\">\n<p>Michelle:<br>+34 611 156 334<br><em>Ingl\u00e9s y Holand\u00e9s<\/em><\/p>\n<\/div>\n<\/div>\n<\/div>\n<\/div>\n<\/div>\n<\/div>\n<\/div>\n<\/div>\n\n\n\n<div class=\"wp-block-group alignwide is-content-justification-center is-layout-constrained wp-block-group-is-layout-constrained gtm-style-61\">\n<div class=\"wp-block-gtm-grid-tile is-style-default gtm-style-59 gtm-style gtm-block gtm-has-grid-tile-gap-row---lg gtm-has-grid-tile-gap-col---lg\">\n<div class=\"wp-block-gtm-grid is-style-default gtm-style-58 gtm-style gtm-block gtm-has-grid-columns---lg gtm-has-grid-columns---md gtm-has-grid-columns---sm\">\n<div class=\"wp-block-gtm-spacer gtm-style-54 gtm-style gtm-block\"><\/div>\n\n\n\n<div class=\"wp-block-gtm-headline gtm-style-55 gtm-style gtm-block gtm-has-headline-typography-font-family gtm-has-headline-typography-font-size---lg gtm-has-block-text-align-center\"><h3 class=\"wp-block-gtm-headline__headline\"><span>O DEJA UN MENSAJE<\/span><\/h3><\/div>\n\n\n\n<div class=\"wp-block-gtm-grid-tile gtm-style-57 gtm-style gtm-block gtm-has-block-padding-top---lg gtm-has-block-padding-left---lg gtm-has-block-padding-bottom---lg gtm-has-block-padding-right---lg\">\n<div class=\"wp-block-contact-form-7-contact-form-selector gtm-style-56\">\n<div class=\"wpcf7 no-js\" id=\"wpcf7-f2645-o1\" lang=\"en-US\" dir=\"ltr\">\n<div class=\"screen-reader-response\"><p role=\"status\" aria-live=\"polite\" aria-atomic=\"true\"><\/p> <ul><\/ul><\/div>\n<form action=\"\/es\/wp-json\/wp\/v2\/pages\/1540#wpcf7-f2645-o1\" method=\"post\" class=\"wpcf7-form init\" aria-label=\"Contact form\" novalidate=\"novalidate\" data-status=\"init\">\n<div style=\"display: none;\">\n<input type=\"hidden\" name=\"_wpcf7\" value=\"2645\" \/>\n<input type=\"hidden\" name=\"_wpcf7_version\" value=\"5.9.8\" \/>\n<input type=\"hidden\" name=\"_wpcf7_locale\" value=\"en_US\" \/>\n<input type=\"hidden\" name=\"_wpcf7_unit_tag\" value=\"wpcf7-f2645-o1\" \/>\n<input type=\"hidden\" name=\"_wpcf7_container_post\" value=\"0\" \/>\n<input type=\"hidden\" name=\"_wpcf7_posted_data_hash\" value=\"\" \/>\n<\/div>\n<p><label> Tu nombre*<br \/>\n<span class=\"wpcf7-form-control-wrap\" data-name=\"your-name\"><input size=\"40\" maxlength=\"400\" class=\"wpcf7-form-control wpcf7-text wpcf7-validates-as-required\" autocomplete=\"name\" aria-required=\"true\" aria-invalid=\"false\" value=\"\" type=\"text\" name=\"your-name\" \/><\/span> <\/label>\n<\/p>\n<p><label> Tu correo electr\u00f3nico*<br \/>\n<span class=\"wpcf7-form-control-wrap\" data-name=\"your-email\"><input size=\"40\" maxlength=\"400\" class=\"wpcf7-form-control wpcf7-email wpcf7-validates-as-required wpcf7-text wpcf7-validates-as-email\" autocomplete=\"email\" aria-required=\"true\" aria-invalid=\"false\" value=\"\" type=\"email\" name=\"your-email\" \/><\/span> <\/label>\n<\/p>\n<p><label> Tu n\u00famero de tel\u00e9fono*<br \/>\n<span class=\"wpcf7-form-control-wrap\" data-name=\"your-phone\"><input size=\"40\" maxlength=\"400\" class=\"wpcf7-form-control wpcf7-tel wpcf7-validates-as-required wpcf7-text wpcf7-validates-as-tel\" autocomplete=\"tel\" aria-required=\"true\" aria-invalid=\"false\" value=\"\" type=\"tel\" name=\"your-phone\" \/><\/span> <\/label>\n<\/p>\n<p><label> Tipo de evento* <\/label>\n<\/p>\n<div class=\"wpcf7-checkbox\">\n\t<p><span class=\"wpcf7-form-control-wrap\" data-name=\"event-type\"><span class=\"wpcf7-form-control wpcf7-checkbox wpcf7-validates-as-required wpcf7-exclusive-checkbox\"><span class=\"wpcf7-list-item first\"><label><input type=\"checkbox\" name=\"event-type\" value=\"Incentivo corporativo\" \/><span class=\"wpcf7-list-item-label\">Incentivo corporativo<\/span><\/label><\/span><span class=\"wpcf7-list-item\"><label><input type=\"checkbox\" name=\"event-type\" value=\"Jornada corporativa\" \/><span class=\"wpcf7-list-item-label\">Jornada corporativa<\/span><\/label><\/span><span class=\"wpcf7-list-item\"><label><input type=\"checkbox\" name=\"event-type\" value=\"Celebraci\u00f3n especial\" \/><span class=\"wpcf7-list-item-label\">Celebraci\u00f3n especial<\/span><\/label><\/span><span class=\"wpcf7-list-item\"><label><input type=\"checkbox\" name=\"event-type\" value=\"Tour autoguiado\" \/><span class=\"wpcf7-list-item-label\">Tour autoguiado<\/span><\/label><\/span><span class=\"wpcf7-list-item last\"><label><input type=\"checkbox\" name=\"event-type\" value=\"Otro\" \/><span class=\"wpcf7-list-item-label\">Otro<\/span><\/label><\/span><\/span><\/span>\n\t<\/p>\n<\/div>\n<div id=\"event-other-field\" style=\"display: none;\">\n\t<p><label> Otro, especifique, por favor:<br \/>\n<span class=\"wpcf7-form-control-wrap\" data-name=\"your-event-other\"><input size=\"40\" maxlength=\"400\" class=\"wpcf7-form-control wpcf7-text\" aria-invalid=\"false\" value=\"\" type=\"text\" name=\"your-event-other\" \/><\/span><br \/>\n<\/label>\n\t<\/p>\n<\/div>\n<p><label> Fechas<br \/>\n<span class=\"wpcf7-form-control-wrap\" data-name=\"your-dates\"><input size=\"40\" maxlength=\"400\" class=\"wpcf7-form-control wpcf7-text\" aria-invalid=\"false\" placeholder=\"DD\/MM\/YYYY - DD\/MM\/YYYY\" value=\"\" type=\"text\" name=\"your-dates\" \/><\/span> <\/label>\n<\/p>\n<p><label> N\u00famero estimado de personas<br \/>\n<span class=\"wpcf7-form-control-wrap\" data-name=\"your-people\"><input class=\"wpcf7-form-control wpcf7-number wpcf7-validates-as-number\" min=\"1\" aria-invalid=\"false\" value=\"\" type=\"number\" name=\"your-people\" \/><\/span> <\/label>\n<\/p>\n<p><label> \u00bfQu\u00e9 servicios necesitas?* <\/label>\n<\/p>\n<div class=\"wpcf7-checkbox\">\n\t<p><span class=\"wpcf7-form-control-wrap\" data-name=\"services\"><span class=\"wpcf7-form-control wpcf7-checkbox wpcf7-validates-as-required\"><span class=\"wpcf7-list-item first\"><label><input type=\"checkbox\" name=\"services[]\" value=\"Alojamiento\" \/><span class=\"wpcf7-list-item-label\">Alojamiento<\/span><\/label><\/span><span class=\"wpcf7-list-item\"><label><input type=\"checkbox\" name=\"services[]\" value=\"Transporte\" \/><span class=\"wpcf7-list-item-label\">Transporte<\/span><\/label><\/span><span class=\"wpcf7-list-item\"><label><input type=\"checkbox\" name=\"services[]\" value=\"Experiencias gastron\u00f3micas\" \/><span class=\"wpcf7-list-item-label\">Experiencias gastron\u00f3micas<\/span><\/label><\/span><span class=\"wpcf7-list-item\"><label><input type=\"checkbox\" name=\"services[]\" value=\"Actividades\" \/><span class=\"wpcf7-list-item-label\">Actividades<\/span><\/label><\/span><span class=\"wpcf7-list-item\"><label><input type=\"checkbox\" name=\"services[]\" value=\"Servicio de restauraci\u00f3n\" \/><span class=\"wpcf7-list-item-label\">Servicio de restauraci\u00f3n<\/span><\/label><\/span><span class=\"wpcf7-list-item\"><label><input type=\"checkbox\" name=\"services[]\" value=\"Instalaciones\" \/><span class=\"wpcf7-list-item-label\">Instalaciones<\/span><\/label><\/span><span class=\"wpcf7-list-item last\"><label><input type=\"checkbox\" name=\"services[]\" value=\"Otro\" \/><span class=\"wpcf7-list-item-label\">Otro<\/span><\/label><\/span><\/span><\/span>\n\t<\/p>\n<\/div>\n<div id=\"service-other-field\" style=\"display: none;\">\n\t<p><label> Otro, especifique, por favor:<br \/>\n<span class=\"wpcf7-form-control-wrap\" data-name=\"your-service-other\"><input size=\"40\" maxlength=\"400\" class=\"wpcf7-form-control wpcf7-text\" aria-invalid=\"false\" value=\"\" type=\"text\" name=\"your-service-other\" \/><\/span><br \/>\n<\/label>\n\t<\/p>\n<\/div>\n<p><label> D\u00e9janos tu mensaje aqu\u00ed:*<br \/>\n<span class=\"wpcf7-form-control-wrap\" data-name=\"your-message\"><textarea cols=\"40\" rows=\"4\" maxlength=\"2000\" class=\"wpcf7-form-control wpcf7-textarea wpcf7-validates-as-required\" aria-required=\"true\" aria-invalid=\"false\" name=\"your-message\"><\/textarea><\/span> <\/label>\n<\/p>\n<p><label><div class=\"cf7-cf-turnstile\" style=\"margin-top: 0px; margin-bottom: -15px;\"> <div id=\"cf-turnstile-cf7-3518180780\" class=\"cf-turnstile\" data-callback=\"turnstileCF7Callback\" data-sitekey=\"0x4AAAAAABImSE3UzBuzZ3mC\" data-theme=\"light\" data-language=\"auto\" data-size=\"normal\" data-retry=\"auto\" data-retry-interval=\"1000\" data-action=\"contact-form-7\" data-appearance=\"interaction-only\"><\/div> <style>.wpcf7-submit { pointer-events: none; opacity: 0.5; }<\/style> <script>document.addEventListener(\"DOMContentLoaded\", function() { setTimeout(function(){ var e=document.getElementById(\"cf-turnstile-cf7-3518180780\"); e&&!e.innerHTML.trim()&&(turnstile.remove(\"#cf-turnstile-cf7-3518180780\"), turnstile.render(\"#cf-turnstile-cf7-3518180780\", {sitekey:\"0x4AAAAAABImSE3UzBuzZ3mC\"})); }, 0); });<\/script> <style>#cf-turnstile-cf7-3518180780 iframe { margin-bottom: 15px; }<\/style> <style>#cf-turnstile-cf7-3518180780 { margin-left: -15px; }<\/style> <script>document.addEventListener(\"DOMContentLoaded\",function(){document.querySelectorAll('.wpcf7-form').forEach(function(e){e.addEventListener('submit',function(){if(document.getElementById('cf-turnstile-cf7-3518180780')){setTimeout(function(){turnstile.reset('#cf-turnstile-cf7-3518180780');},1000)}})})});<\/script> <\/div><\/label>\n<\/p>\n<p><input class=\"wpcf7-form-control wpcf7-submit has-spinner wp-block-button__link wp-element-button\" type=\"submit\" value=\"Enviar\" \/>\n<\/p><div class=\"wpcf7-response-output\" aria-hidden=\"true\"><\/div>\n<\/form>\n<\/div>\n<\/div>\n<\/div>\n<\/div>\n<\/div>\n<\/div>\n","protected":false},"excerpt":{"rendered":"<p>Ya sea que est\u00e9s planeando un viaje a medida para tu grupo o una aventura en solitario, estamos aqu\u00ed para ayudarte a dise\u00f1ar la experiencia perfecta en Mallorca. Cont\u00e1ctanos hoy mismo y comencemos a crear un itinerario que te conecte [&hellip;]<\/p>\n","protected":false},"author":1,"featured_media":0,"parent":0,"menu_order":0,"comment_status":"closed","ping_status":"closed","template":"custom-page-plain","meta":{"gtm_active_preset":"","gtm_alt_featured_image":0,"gtm_video_url":"","gtm_audio_url":"","rank_math_lock_modified_date":false,"footnotes":""},"_links":{"self":[{"href":"https:\/\/tasteandtravelmallorca.com\/es\/wp-json\/wp\/v2\/pages\/1540"}],"collection":[{"href":"https:\/\/tasteandtravelmallorca.com\/es\/wp-json\/wp\/v2\/pages"}],"about":[{"href":"https:\/\/tasteandtravelmallorca.com\/es\/wp-json\/wp\/v2\/types\/page"}],"author":[{"embeddable":true,"href":"https:\/\/tasteandtravelmallorca.com\/es\/wp-json\/wp\/v2\/users\/1"}],"replies":[{"embeddable":true,"href":"https:\/\/tasteandtravelmallorca.com\/es\/wp-json\/wp\/v2\/comments?post=1540"}],"version-history":[{"count":6,"href":"https:\/\/tasteandtravelmallorca.com\/es\/wp-json\/wp\/v2\/pages\/1540\/revisions"}],"predecessor-version":[{"id":2969,"href":"https:\/\/tasteandtravelmallorca.com\/es\/wp-json\/wp\/v2\/pages\/1540\/revisions\/2969"}],"wp:attachment":[{"href":"https:\/\/tasteandtravelmallorca.com\/es\/wp-json\/wp\/v2\/media?parent=1540"}],"curies":[{"name":"wp","href":"https:\/\/api.w.org\/{rel}","templated":true}]}}