{"id":1360,"date":"2023-11-04T12:12:48","date_gmt":"2023-11-04T12:12:48","guid":{"rendered":"https:\/\/tasteandtravelmallorca.com\/?page_id=1360"},"modified":"2025-03-28T15:37:10","modified_gmt":"2025-03-28T15:37:10","slug":"sobre-nosotros","status":"publish","type":"page","link":"https:\/\/tasteandtravelmallorca.com\/es\/sobre-nosotros\/","title":{"rendered":"Sobre nosotros"},"content":{"rendered":"\n<div class=\"wp-block-group alignwide is-layout-flow wp-container-6 wp-block-group-is-layout-flow gtm-style-7\" style=\"padding-top:0;padding-right:0;padding-bottom:0;padding-left:0\">\n<div class=\"wp-block-gtm-grid-tile alignwide is-style-default gtm-style-5 gtm-style gtm-block gtm-has-block-radius\">\n<div class=\"wp-block-gtm-box is-style-default gtm-style-4 gtm-style gtm-has-block-radius gtm-has-block-flex-layout gtm-has-block-flex-layout-item-spacing-row---lg gtm-has-block-flex-layout-item-spacing-col---lg\">\n<div class=\"wp-block-cover is-light border-radius-none has-white-color has-text-color gtm-style-3\" style=\"min-height:365px\"><span aria-hidden=\"true\" class=\"wp-block-cover__background has-background-dim-40 has-background-dim\"><\/span><img decoding=\"async\" loading=\"eager\"class=\"wp-block-cover__image-background wp-image-3517\" alt=\"Taste and Travel Mallorca - Senderismo en las monta\u00f1as de la Tramuntana\" src=\"https:\/\/tasteandtravelmallorca.com\/wp-content\/uploads\/2025\/03\/1.-Banner-About-us-1.webp\" style=\"object-position:47% 84%\" data-object-fit=\"cover\" data-object-position=\"47% 84%\"\/><div class=\"wp-block-cover__inner-container is-layout-flow wp-block-cover-is-layout-flow\">\n<div class=\"wp-block-gtm-headline gtm-style-1 gtm-style gtm-block gtm-has-headline-typography-font-family gtm-has-block-text-align-center\"><h1 class=\"wp-block-gtm-headline__headline\"><span>NUESTRA HISTORIA: PASI\u00d3N, SABOR Y MALLORCA<\/span><\/h1><\/div>\n<\/div><\/div>\n<\/div>\n<\/div>\n<\/div>\n\n\n\n<div class=\"wp-block-gtm-spacer gtm-style-8 gtm-style gtm-block gtm-has-spacer-size---lg\"><\/div>\n\n\n\n<div class=\"wp-block-group alignwide is-layout-constrained wp-block-group-is-layout-constrained gtm-style-12\">\n<div class=\"wp-block-gtm-box is-style-default gtm-style-10 gtm-style gtm-has-block-flex-layout\">\n<p class=\"has-theme-antonio-font-family gtm-style-9\">Somos Emily y Michelle, dos apasionadas de la gastronom\u00eda que nos enamoramos de los sabores de Mallorca, sus impresionantes paisajes y su vibrante cultura. Despu\u00e9s de a\u00f1os explorando cada rinc\u00f3n, degustando platos locales, conociendo chefs talentosos y disfrutando de vistas impresionantes, creamos <em>Taste &amp; Travel Mallorca<\/em>.<\/p>\n<\/div>\n<\/div>\n\n\n\n<div class=\"wp-block-group is-layout-constrained wp-block-group-is-layout-constrained gtm-style-18\">\n<div class=\"wp-block-gtm-grid-tile is-style-default gtm-style-14 gtm-style gtm-block gtm-has-grid-tile-gap-row---lg gtm-has-grid-tile-gap-col---lg gtm-has-block-padding-top---lg gtm-has-block-padding-left---lg gtm-has-block-padding-bottom---lg gtm-has-block-padding-right---lg gtm-has-block-radius\">\n<hr class=\"wp-block-gtm-separator is-style-gtm-separator-small gtm-style-13 gtm-style gtm-block gtm-has-separator-border-style gtm-has-separator-border-color gtm-has-separator-border-thickness gtm-has-separator-border-radius\"\/>\n<\/div>\n\n\n\n<div class=\"wp-block-gtm-headline is-style-default gtm-style-15 gtm-style gtm-block gtm-has-headline-typography-font-family gtm-has-block-text-align-center\"><h2 class=\"wp-block-gtm-headline__headline\"><span>NUESTRA MISI\u00d3N?<\/span><\/h2><\/div>\n\n\n\n<p>Queremos que sientas la esencia de la isla a trav\u00e9s de sus sabores, su amable acogida y su paisaje. Cada itinerario est\u00e1 pensado para que t\u00fa y tu grupo descubr\u00e1is lo mejor de Mallorca, conectando con su aut\u00e9ntico car\u00e1cter y su maravillosa gente.<\/p>\n<\/div>\n\n\n\n<div class=\"wp-block-gtm-spacer gtm-style-19 gtm-style gtm-block gtm-has-spacer-size---lg\"><\/div>\n\n\n\n<div class=\"wp-block-group alignwide has-background is-layout-constrained wp-container-48 wp-block-group-is-layout-constrained gtm-style-49\" style=\"background-color:#fcedd8\">\n<div class=\"wp-block-gtm-grid-tile alignwide is-style-default gtm-style-47 gtm-style gtm-block gtm-has-grid-tile-gap-row---lg gtm-has-grid-tile-gap-col---lg\">\n<div class=\"wp-block-gtm-box is-style-default gtm-style-46 gtm-style gtm-has-block-flex-layout\">\n<div class=\"wp-block-gtm-grid is-style-default gtm-style-45 gtm-style gtm-block gtm-has-grid-columns---lg gtm-has-grid-columns---md gtm-has-grid-columns---sm gtm-has-grid-gap-row---lg gtm-has-grid-gap-col---lg\">\n<div class=\"wp-block-gtm-grid-tile is-style-default gtm-style-21 gtm-style gtm-block gtm-has-block-radius\">\n<figure class=\"wp-block-image size-large is-resized is-style-gtm-core-image-full-cover gtm-style-20\"><img decoding=\"async\" src=\"https:\/\/tasteandtravelmallorca.com\/wp-content\/uploads\/2025\/03\/Emily-and-Michelle-683x1024.webp\" alt=\"Emily y Michelle las fundadores de Taste and Travel Mallorca\" class=\"wp-image-3519\" style=\"height:350px\"\/><\/figure>\n<\/div>\n\n\n\n<div class=\"wp-block-gtm-grid-tile is-style-default gtm-style-44 gtm-style gtm-block\">\n<div class=\"wp-block-gtm-box is-style-default gtm-style-43 gtm-style gtm-has-block-width---lg gtm-has-block-width---md gtm-has-block-width---sm gtm-has-block-flex-layout\">\n<div class=\"wp-block-gtm-headline is-style-default gtm-style-22 gtm-style gtm-block gtm-has-headline-color gtm-has-headline-typography-font-family\"><h2 class=\"wp-block-gtm-headline__headline\"><span>LAS CARAS DETR\u00c1S DE TASTE &amp; TRAVEL MALLORCA<\/span><\/h2><\/div>\n\n\n\n<div class=\"wp-block-columns is-not-stacked-on-mobile is-layout-flex wp-container-30 wp-block-columns-is-layout-flex gtm-style-31\">\n<div class=\"wp-block-column is-layout-flow wp-block-column-is-layout-flow gtm-style-26\" style=\"flex-basis:15%\">\n<figure class=\"wp-block-image size-full is-resized wp-duotone-rgb243186100-rgb243186100-23 gtm-style-24 gtm-style gtm-has-block-margin-top---lg\"><img decoding=\"async\" src=\"https:\/\/tasteandtravelmallorca.com\/wp-content\/uploads\/2025\/02\/Icon-arrows-e1740483504181.webp\" alt=\"Icon arrow Taste and Travel Mallorca\" class=\"wp-image-3239\" style=\"width:30px\"\/><\/figure>\n<\/div>\n\n\n\n<div class=\"wp-block-column is-layout-flow wp-container-28 wp-block-column-is-layout-flow gtm-style-29\" style=\"flex-basis:85%\">\n<p class=\"has-primary-text-color has-text-color has-theme-antonio-font-family gtm-style-27\"><strong>EMILY<\/strong><\/p>\n<\/div>\n<\/div>\n\n\n\n<p class=\"has-secondary-text-color has-text-color gtm-style-32\">Emily comenz\u00f3 su camino en Mallorca estudiando Turismo y Gesti\u00f3n de Eventos, y r\u00e1pidamente pas\u00f3 de ser becaria a Project Manager Senior en una importante agencia DMC. Su amor por mostrar los rincones m\u00e1s especiales de la isla la llev\u00f3 a fundar <em>Em Events<\/em>, la base de <em>Taste &amp; Travel Mallorca<\/em>, ofreciendo experiencias personalizadas de alta calidad. Como co-creadora de <em>Food Tours Mallorca<\/em>, Emily le pone un toque muy personal a cada detalle y se asegura de que cada experiencia sea \u00fanica e inolvidable.<br><br><\/p>\n\n\n\n<div class=\"wp-block-columns is-not-stacked-on-mobile is-layout-flex wp-container-40 wp-block-columns-is-layout-flex gtm-style-41\">\n<div class=\"wp-block-column is-layout-flow wp-block-column-is-layout-flow gtm-style-36\" style=\"flex-basis:15%\">\n<figure class=\"wp-block-image size-full is-resized wp-duotone-rgb243186100-rgb243186100-33 gtm-style-34 gtm-style gtm-has-block-margin-top---lg\"><img decoding=\"async\" src=\"https:\/\/tasteandtravelmallorca.com\/wp-content\/uploads\/2025\/02\/Icon-arrows-e1740483504181.webp\" alt=\"Icon arrow Taste and Travel Mallorca\" class=\"wp-image-3239\" style=\"width:30px\"\/><\/figure>\n<\/div>\n\n\n\n<div class=\"wp-block-column is-layout-flow wp-container-38 wp-block-column-is-layout-flow gtm-style-39\" style=\"flex-basis:85%\">\n<p class=\"has-primary-text-color has-text-color has-theme-antonio-font-family gtm-style-37\"><strong>MICHELLE<\/strong><\/p>\n<\/div>\n<\/div>\n\n\n\n<p class=\"has-secondary-text-color has-text-color gtm-style-42\">Michelle ha construido su carrera alrededor de su pasi\u00f3n por la innovaci\u00f3n y la organizaci\u00f3n eficiente. Desde dirigir la <em>St. Maarten Heineken Regatta<\/em> hasta gestionar propiedades exclusivas para clientes de alto nivel en Mallorca, se ha ganado una reputaci\u00f3n por su atenci\u00f3n al detalle. Con experiencia en proyectos gastron\u00f3micos sostenibles como <em>Bolsita Verde<\/em>, cofund\u00f3 <em>Food Tours Mallorca<\/em>, fusionando log\u00edstica con su amor por los sabores locales. En <em>Taste &amp; Travel Mallorca<\/em>, Michelle se encarga de que todo funcione perfectamente, asegur\u00e1ndose de que cada experiencia sea fluida y sin complicaciones.<\/p>\n<\/div>\n<\/div>\n<\/div>\n<\/div>\n<\/div>\n<\/div>\n\n\n\n<div class=\"wp-block-gtm-spacer gtm-style-50 gtm-style gtm-block gtm-has-spacer-size---lg\"><\/div>\n\n\n\n<div class=\"wp-block-group alignwide is-layout-constrained wp-block-group-is-layout-constrained gtm-style-62\">\n<div class=\"wp-block-gtm-grid-tile alignwide is-style-default gtm-style-60 gtm-style gtm-block gtm-has-grid-tile-gap-row---lg gtm-has-grid-tile-gap-col---lg\">\n<div class=\"wp-block-gtm-box is-style-default gtm-style-59 gtm-style gtm-has-block-flex-layout\">\n<div class=\"wp-block-gtm-grid gtm-style-58 gtm-style gtm-block gtm-has-grid-columns---lg gtm-has-grid-columns---md gtm-has-grid-columns---sm\">\n<div class=\"wp-block-gtm-grid-tile gtm-style-54 gtm-style gtm-block\">\n<div class=\"wp-block-gtm-box is-style-default gtm-style-53 gtm-style gtm-has-block-width---lg gtm-has-block-width---md gtm-has-block-width---sm gtm-has-block-flex-layout\">\n<div class=\"wp-block-gtm-headline gtm-style-51 gtm-style gtm-block gtm-has-headline-typography-font-family gtm-has-headline-typography-font-size---lg\"><h3 class=\"wp-block-gtm-headline__headline\"><span>C\u00d3MO HACEMOS REALIDAD TU AVENTURA EN MALLORCA<\/span><\/h3><\/div>\n\n\n\n<p>En Taste &amp; Travel Mallorca, empezamos conociendo tus gustos, necesidades y la idea que tienes para tu experiencia. Con esa informaci\u00f3n, seleccionamos los mejores restaurantes, actividades y lugares que se ajusten a tu estilo. Nos encargamos de toda la log\u00edstica (horarios, transporte y cualquier solicitud especial) para que puedas disfrutar sin preocupaciones. Cuando llegues, podr\u00e1s relajarte mientras nosotras nos aseguramos de que todo salga a la perfecci\u00f3n. \u00bfEl resultado? Una experiencia \u00fanica e inolvidable que no solo te conecta con lo m\u00e1s aut\u00e9ntico de Mallorca, sino que tambi\u00e9n deja recuerdos para siempre.<\/p>\n<\/div>\n<\/div>\n\n\n\n<div class=\"wp-block-gtm-grid-tile gtm-style-57 gtm-style gtm-block\">\n<div class=\"wp-block-gtm-box is-style-default gtm-style-56 gtm-style gtm-has-block-flex-layout\">\n<figure class=\"wp-block-image alignright size-large is-resized is-style-gtm-core-image-full-cover gtm-style-55\"><img decoding=\"async\" src=\"https:\/\/tasteandtravelmallorca.com\/wp-content\/uploads\/2025\/02\/3.-How-we-work-1024x683.webp\" alt=\"Cena en un lugar \u00fanico para eventos con Taste &amp; Travel Mallorca\" class=\"wp-image-3416\" style=\"aspect-ratio:1.5027932960893855;object-fit:contain;width:120px\"\/><\/figure>\n<\/div>\n<\/div>\n<\/div>\n<\/div>\n<\/div>\n<\/div>\n\n\n\n<div class=\"wp-block-gtm-spacer gtm-style-63 gtm-style gtm-block gtm-has-spacer-size---lg\"><\/div>\n\n\n\n<div class=\"wp-block-group is-layout-constrained wp-block-group-is-layout-constrained gtm-style-72\">\n<hr class=\"wp-block-separator has-text-color has-primary-color has-alpha-channel-opacity has-primary-background-color has-background gtm-style-64\"\/>\n\n\n\n<div class=\"wp-block-gtm-spacer gtm-style-65 gtm-style gtm-block\"><\/div>\n\n\n\n<div class=\"wp-block-gtm-headline gtm-style-66 gtm-style gtm-block gtm-has-headline-typography-font-family gtm-has-block-text-align-center\"><h2 class=\"wp-block-gtm-headline__headline\"><span>PLANEA TU AVENTURA EN MALLORCA<\/span><\/h2><\/div>\n\n\n\n<p>\u00bfEst\u00e1s listo para hacer realidad la experiencia de tus sue\u00f1os? Cont\u00e1ctanos y comenzaremos a dise\u00f1ar un viaje a medida que capture la verdadera esencia de Mallorca, adaptado perfectamente a tus gustos y preferencias.<\/p>\n\n\n\n<div class=\"wp-block-gtm-grid gtm-style-70 gtm-style gtm-block\">\n<div class=\"wp-block-gtm-grid-tile gtm-style-69 gtm-style gtm-block\">\n<div class=\"wp-block-contact-form-7-contact-form-selector gtm-style-68\">\n<div class=\"wpcf7 no-js\" id=\"wpcf7-f2645-o1\" lang=\"en-US\" dir=\"ltr\">\n<div class=\"screen-reader-response\"><p role=\"status\" aria-live=\"polite\" aria-atomic=\"true\"><\/p> <ul><\/ul><\/div>\n<form action=\"\/es\/wp-json\/wp\/v2\/pages\/1360#wpcf7-f2645-o1\" method=\"post\" class=\"wpcf7-form init\" aria-label=\"Contact form\" novalidate=\"novalidate\" data-status=\"init\">\n<div style=\"display: none;\">\n<input type=\"hidden\" name=\"_wpcf7\" value=\"2645\" \/>\n<input type=\"hidden\" name=\"_wpcf7_version\" value=\"5.9.8\" \/>\n<input type=\"hidden\" name=\"_wpcf7_locale\" value=\"en_US\" \/>\n<input type=\"hidden\" name=\"_wpcf7_unit_tag\" value=\"wpcf7-f2645-o1\" \/>\n<input type=\"hidden\" name=\"_wpcf7_container_post\" value=\"0\" \/>\n<input type=\"hidden\" name=\"_wpcf7_posted_data_hash\" value=\"\" \/>\n<\/div>\n<p><label> Tu nombre*<br \/>\n<span class=\"wpcf7-form-control-wrap\" data-name=\"your-name\"><input size=\"40\" maxlength=\"400\" class=\"wpcf7-form-control wpcf7-text wpcf7-validates-as-required\" autocomplete=\"name\" aria-required=\"true\" aria-invalid=\"false\" value=\"\" type=\"text\" name=\"your-name\" \/><\/span> <\/label>\n<\/p>\n<p><label> Tu correo electr\u00f3nico*<br \/>\n<span class=\"wpcf7-form-control-wrap\" data-name=\"your-email\"><input size=\"40\" maxlength=\"400\" class=\"wpcf7-form-control wpcf7-email wpcf7-validates-as-required wpcf7-text wpcf7-validates-as-email\" autocomplete=\"email\" aria-required=\"true\" aria-invalid=\"false\" value=\"\" type=\"email\" name=\"your-email\" \/><\/span> <\/label>\n<\/p>\n<p><label> Tu n\u00famero de tel\u00e9fono*<br \/>\n<span class=\"wpcf7-form-control-wrap\" data-name=\"your-phone\"><input size=\"40\" maxlength=\"400\" class=\"wpcf7-form-control wpcf7-tel wpcf7-validates-as-required wpcf7-text wpcf7-validates-as-tel\" autocomplete=\"tel\" aria-required=\"true\" aria-invalid=\"false\" value=\"\" type=\"tel\" name=\"your-phone\" \/><\/span> <\/label>\n<\/p>\n<p><label> Tipo de evento* <\/label>\n<\/p>\n<div class=\"wpcf7-checkbox\">\n\t<p><span class=\"wpcf7-form-control-wrap\" data-name=\"event-type\"><span class=\"wpcf7-form-control wpcf7-checkbox wpcf7-validates-as-required wpcf7-exclusive-checkbox\"><span class=\"wpcf7-list-item first\"><label><input type=\"checkbox\" name=\"event-type\" value=\"Incentivo corporativo\" \/><span class=\"wpcf7-list-item-label\">Incentivo corporativo<\/span><\/label><\/span><span class=\"wpcf7-list-item\"><label><input type=\"checkbox\" name=\"event-type\" value=\"Jornada corporativa\" \/><span class=\"wpcf7-list-item-label\">Jornada corporativa<\/span><\/label><\/span><span class=\"wpcf7-list-item\"><label><input type=\"checkbox\" name=\"event-type\" value=\"Celebraci\u00f3n especial\" \/><span class=\"wpcf7-list-item-label\">Celebraci\u00f3n especial<\/span><\/label><\/span><span class=\"wpcf7-list-item\"><label><input type=\"checkbox\" name=\"event-type\" value=\"Tour autoguiado\" \/><span class=\"wpcf7-list-item-label\">Tour autoguiado<\/span><\/label><\/span><span class=\"wpcf7-list-item last\"><label><input type=\"checkbox\" name=\"event-type\" value=\"Otro\" \/><span class=\"wpcf7-list-item-label\">Otro<\/span><\/label><\/span><\/span><\/span>\n\t<\/p>\n<\/div>\n<div id=\"event-other-field\" style=\"display: none;\">\n\t<p><label> Otro, especifique, por favor:<br \/>\n<span class=\"wpcf7-form-control-wrap\" data-name=\"your-event-other\"><input size=\"40\" maxlength=\"400\" class=\"wpcf7-form-control wpcf7-text\" aria-invalid=\"false\" value=\"\" type=\"text\" name=\"your-event-other\" \/><\/span><br \/>\n<\/label>\n\t<\/p>\n<\/div>\n<p><label> Fechas<br \/>\n<span class=\"wpcf7-form-control-wrap\" data-name=\"your-dates\"><input size=\"40\" maxlength=\"400\" class=\"wpcf7-form-control wpcf7-text\" aria-invalid=\"false\" placeholder=\"DD\/MM\/YYYY - DD\/MM\/YYYY\" value=\"\" type=\"text\" name=\"your-dates\" \/><\/span> <\/label>\n<\/p>\n<p><label> N\u00famero estimado de personas<br \/>\n<span class=\"wpcf7-form-control-wrap\" data-name=\"your-people\"><input class=\"wpcf7-form-control wpcf7-number wpcf7-validates-as-number\" min=\"1\" aria-invalid=\"false\" value=\"\" type=\"number\" name=\"your-people\" \/><\/span> <\/label>\n<\/p>\n<p><label> \u00bfQu\u00e9 servicios necesitas?* <\/label>\n<\/p>\n<div class=\"wpcf7-checkbox\">\n\t<p><span class=\"wpcf7-form-control-wrap\" data-name=\"services\"><span class=\"wpcf7-form-control wpcf7-checkbox wpcf7-validates-as-required\"><span class=\"wpcf7-list-item first\"><label><input type=\"checkbox\" name=\"services[]\" value=\"Alojamiento\" \/><span class=\"wpcf7-list-item-label\">Alojamiento<\/span><\/label><\/span><span class=\"wpcf7-list-item\"><label><input type=\"checkbox\" name=\"services[]\" value=\"Transporte\" \/><span class=\"wpcf7-list-item-label\">Transporte<\/span><\/label><\/span><span class=\"wpcf7-list-item\"><label><input type=\"checkbox\" name=\"services[]\" value=\"Experiencias gastron\u00f3micas\" \/><span class=\"wpcf7-list-item-label\">Experiencias gastron\u00f3micas<\/span><\/label><\/span><span class=\"wpcf7-list-item\"><label><input type=\"checkbox\" name=\"services[]\" value=\"Actividades\" \/><span class=\"wpcf7-list-item-label\">Actividades<\/span><\/label><\/span><span class=\"wpcf7-list-item\"><label><input type=\"checkbox\" name=\"services[]\" value=\"Servicio de restauraci\u00f3n\" \/><span class=\"wpcf7-list-item-label\">Servicio de restauraci\u00f3n<\/span><\/label><\/span><span class=\"wpcf7-list-item\"><label><input type=\"checkbox\" name=\"services[]\" value=\"Instalaciones\" \/><span class=\"wpcf7-list-item-label\">Instalaciones<\/span><\/label><\/span><span class=\"wpcf7-list-item last\"><label><input type=\"checkbox\" name=\"services[]\" value=\"Otro\" \/><span class=\"wpcf7-list-item-label\">Otro<\/span><\/label><\/span><\/span><\/span>\n\t<\/p>\n<\/div>\n<div id=\"service-other-field\" style=\"display: none;\">\n\t<p><label> Otro, especifique, por favor:<br \/>\n<span class=\"wpcf7-form-control-wrap\" data-name=\"your-service-other\"><input size=\"40\" maxlength=\"400\" class=\"wpcf7-form-control wpcf7-text\" aria-invalid=\"false\" value=\"\" type=\"text\" name=\"your-service-other\" \/><\/span><br \/>\n<\/label>\n\t<\/p>\n<\/div>\n<p><label> D\u00e9janos tu mensaje aqu\u00ed:*<br \/>\n<span class=\"wpcf7-form-control-wrap\" data-name=\"your-message\"><textarea cols=\"40\" rows=\"4\" maxlength=\"2000\" class=\"wpcf7-form-control wpcf7-textarea wpcf7-validates-as-required\" aria-required=\"true\" aria-invalid=\"false\" name=\"your-message\"><\/textarea><\/span> <\/label>\n<\/p>\n<p><label><div class=\"cf7-cf-turnstile\" style=\"margin-top: 0px; margin-bottom: -15px;\"> <div id=\"cf-turnstile-cf7-1802259440\" class=\"cf-turnstile\" data-callback=\"turnstileCF7Callback\" data-sitekey=\"0x4AAAAAABImSE3UzBuzZ3mC\" data-theme=\"light\" data-language=\"auto\" data-size=\"normal\" data-retry=\"auto\" data-retry-interval=\"1000\" data-action=\"contact-form-7\" data-appearance=\"interaction-only\"><\/div> <style>.wpcf7-submit { pointer-events: none; opacity: 0.5; }<\/style> <script>document.addEventListener(\"DOMContentLoaded\", function() { setTimeout(function(){ var e=document.getElementById(\"cf-turnstile-cf7-1802259440\"); e&&!e.innerHTML.trim()&&(turnstile.remove(\"#cf-turnstile-cf7-1802259440\"), turnstile.render(\"#cf-turnstile-cf7-1802259440\", {sitekey:\"0x4AAAAAABImSE3UzBuzZ3mC\"})); }, 0); });<\/script> <style>#cf-turnstile-cf7-1802259440 iframe { margin-bottom: 15px; }<\/style> <style>#cf-turnstile-cf7-1802259440 { margin-left: -15px; }<\/style> <script>document.addEventListener(\"DOMContentLoaded\",function(){document.querySelectorAll('.wpcf7-form').forEach(function(e){e.addEventListener('submit',function(){if(document.getElementById('cf-turnstile-cf7-1802259440')){setTimeout(function(){turnstile.reset('#cf-turnstile-cf7-1802259440');},1000)}})})});<\/script> <\/div><\/label>\n<\/p>\n<p><input class=\"wpcf7-form-control wpcf7-submit has-spinner wp-block-button__link wp-element-button\" type=\"submit\" value=\"Enviar\" \/>\n<\/p><div class=\"wpcf7-response-output\" aria-hidden=\"true\"><\/div>\n<\/form>\n<\/div>\n<\/div>\n<\/div>\n<\/div>\n<\/div>\n","protected":false},"excerpt":{"rendered":"<p>Queremos que sientas la esencia de la isla a trav\u00e9s de sus sabores, su amable acogida y su paisaje. Cada itinerario est\u00e1 pensado para que t\u00fa y tu grupo descubr\u00e1is lo mejor de Mallorca, conectando con su aut\u00e9ntico car\u00e1cter y [&hellip;]<\/p>\n","protected":false},"author":1,"featured_media":956,"parent":0,"menu_order":0,"comment_status":"closed","ping_status":"closed","template":"custom-page-plain","meta":{"gtm_active_preset":"","gtm_alt_featured_image":0,"gtm_video_url":"","gtm_audio_url":"","rank_math_lock_modified_date":false,"footnotes":""},"_links":{"self":[{"href":"https:\/\/tasteandtravelmallorca.com\/es\/wp-json\/wp\/v2\/pages\/1360"}],"collection":[{"href":"https:\/\/tasteandtravelmallorca.com\/es\/wp-json\/wp\/v2\/pages"}],"about":[{"href":"https:\/\/tasteandtravelmallorca.com\/es\/wp-json\/wp\/v2\/types\/page"}],"author":[{"embeddable":true,"href":"https:\/\/tasteandtravelmallorca.com\/es\/wp-json\/wp\/v2\/users\/1"}],"replies":[{"embeddable":true,"href":"https:\/\/tasteandtravelmallorca.com\/es\/wp-json\/wp\/v2\/comments?post=1360"}],"version-history":[{"count":5,"href":"https:\/\/tasteandtravelmallorca.com\/es\/wp-json\/wp\/v2\/pages\/1360\/revisions"}],"predecessor-version":[{"id":2959,"href":"https:\/\/tasteandtravelmallorca.com\/es\/wp-json\/wp\/v2\/pages\/1360\/revisions\/2959"}],"wp:featuredmedia":[{"embeddable":true,"href":"https:\/\/tasteandtravelmallorca.com\/es\/wp-json\/wp\/v2\/media\/956"}],"wp:attachment":[{"href":"https:\/\/tasteandtravelmallorca.com\/es\/wp-json\/wp\/v2\/media?parent=1360"}],"curies":[{"name":"wp","href":"https:\/\/api.w.org\/{rel}","templated":true}]}}